{"id":1106,"date":"2024-05-24T02:15:16","date_gmt":"2024-05-24T02:15:16","guid":{"rendered":"https:\/\/ardoainstitute.com\/home-1\/"},"modified":"2024-09-04T12:44:02","modified_gmt":"2024-09-04T12:44:02","slug":"home-1","status":"publish","type":"page","link":"https:\/\/ardoainstitute.com\/fr\/","title":{"rendered":"Accueil"},"content":{"rendered":"\t\t<div data-elementor-type=\"wp-page\" data-elementor-id=\"1106\" class=\"elementor elementor-1106 elementor-395\">\n\t\t\t\t<div class=\"elementor-element elementor-element-19b804f e-con-full e-flex e-con e-parent\" data-id=\"19b804f\" data-element_type=\"container\" data-settings=\"{&quot;background_background&quot;:&quot;classic&quot;}\">\n\t\t<div class=\"elementor-element elementor-element-683195f e-con-full e-flex e-con e-child\" data-id=\"683195f\" data-element_type=\"container\" data-settings=\"{&quot;background_background&quot;:&quot;classic&quot;}\">\n\t\t<div class=\"elementor-element elementor-element-42a0566 e-flex e-con-boxed e-con e-child\" data-id=\"42a0566\" data-element_type=\"container\">\n\t\t\t\t\t<div class=\"e-con-inner\">\n\t\t\t\t<div class=\"elementor-element elementor-element-189300f elementor-invisible elementor-widget elementor-widget-gva-heading-block\" data-id=\"189300f\" data-element_type=\"widget\" data-settings=\"{&quot;_animation&quot;:&quot;fadeInUp&quot;,&quot;_animation_delay&quot;:500}\" data-widget_type=\"gva-heading-block.default\">\n\t\t\t\t<div class=\"elementor-widget-container\">\n\t\t\t\t\t<div class=\"gva-element-gva-heading-block gva-element\">   <div class=\"align-left style-1 widget gsc-heading box-align-left auto-responsive\">\r\n      <div class=\"content-inner\">\r\n         \r\n                  \r\n           \r\n         \r\n                     <h2 class=\"title \">\r\n               <span>Apporter des \u00e9clairages sur les nouvelles dynamiques en <\/br> \n<em>Afrique de l'Ouest<\/em><\/span>\r\n            <\/h2>\r\n                  \r\n         \r\n         \r\n      <\/div>\r\n   <\/div>\r\n<\/div>\t\t\t\t<\/div>\n\t\t\t\t<\/div>\n\t\t\t\t<div class=\"elementor-element elementor-element-834fb12 elementor-invisible elementor-widget elementor-widget-text-editor\" data-id=\"834fb12\" data-element_type=\"widget\" data-settings=\"{&quot;_animation&quot;:&quot;fadeInUp&quot;,&quot;_animation_delay&quot;:800}\" data-widget_type=\"text-editor.default\">\n\t\t\t\t<div class=\"elementor-widget-container\">\n\t\t\t\t\t\t\t\t\tExplorer et d\u2019aider \u00e0 comprendre les dynamiques majeures relevant de diff\u00e9rents champs sociaux \t\t\t\t\t\t\t\t<\/div>\n\t\t\t\t<\/div>\n\t\t<div class=\"elementor-element elementor-element-1183de8 e-flex e-con-boxed e-con e-child\" data-id=\"1183de8\" data-element_type=\"container\">\n\t\t\t\t\t<div class=\"e-con-inner\">\n\t\t\t\t<div class=\"elementor-element elementor-element-12f87c3 elementor-widget__width-auto elementor-invisible elementor-widget elementor-widget-html\" data-id=\"12f87c3\" data-element_type=\"widget\" data-settings=\"{&quot;_animation&quot;:&quot;fadeInLeft&quot;,&quot;_animation_delay&quot;:1000}\" data-widget_type=\"html.default\">\n\t\t\t\t<div class=\"elementor-widget-container\">\n\t\t\t\t\t<a class=\"btn-theme\" href=\"https:\/\/ardoainstitute.com\/fr\/contact\/\">\n    <span>Contactez-nous<\/span>\n<\/a>\t\t\t\t<\/div>\n\t\t\t\t<\/div>\n\t\t\t\t<div class=\"elementor-element elementor-element-8cbe4f1 elementor-widget__width-auto elementor-invisible elementor-widget elementor-widget-html\" data-id=\"8cbe4f1\" data-element_type=\"widget\" data-settings=\"{&quot;_animation&quot;:&quot;fadeInRight&quot;,&quot;_animation_delay&quot;:1000}\" data-widget_type=\"html.default\">\n\t\t\t\t<div class=\"elementor-widget-container\">\n\t\t\t\t\t<a class=\"btn-border-theme\" href=\"https:\/\/ardoainstitute.com\/about\/\">\n    <span>A Propos<\/span>\n<\/a>\t\t\t\t<\/div>\n\t\t\t\t<\/div>\n\t\t\t\t\t<\/div>\n\t\t\t\t<\/div>\n\t\t\t\t\t<\/div>\n\t\t\t\t<\/div>\n\t\t\t\t<\/div>\n\t\t<div class=\"elementor-element elementor-element-225c88c e-con-full elementor-hidden-mobile e-flex e-con e-child\" data-id=\"225c88c\" data-element_type=\"container\">\n\t\t\t\t<div class=\"elementor-element elementor-element-fba6c37 elementor-widget-tablet__width-initial elementor-invisible elementor-widget elementor-widget-gva-image-content\" data-id=\"fba6c37\" data-element_type=\"widget\" data-settings=\"{&quot;_animation&quot;:&quot;fadeInRight&quot;}\" data-widget_type=\"gva-image-content.default\">\n\t\t\t\t<div class=\"elementor-widget-container\">\n\t\t\t\t\t<div class=\"gva-element-gva-image-content gva-element\">\t\t\r\n\t  \r\n\t \r\n\r\n\t \r\n\r\n\t\r\n\t\t\t<div class=\"about-four__single\">\r\n\t\t\t<div class=\"about-four__wrap\">\r\n\t\t\t  \t<div class=\"about-four__image\"><div class=\"content-inner\"><img decoding=\"async\" src=\"https:\/\/ardoainstitute.com\/wp-content\/uploads\/2024\/08\/ardoa.jpeg\" alt=\"\" \/><\/div><\/div><div class=\"about-four__image-second\"><div class=\"content-inner\"><img decoding=\"async\" src=\"https:\/\/ardoainstitute.com\/wp-content\/uploads\/2024\/08\/ardoa-broad-members.jpeg.jpg\" alt=\"\" \/><\/div><\/div>\t\t\t<\/div>\t\r\n\t\t<\/div>\r\n\t \r\n  \r\n \r\n\r\n  \r\n \r\n\r\n \r\n\t<\/div>\t\t\t\t<\/div>\n\t\t\t\t<\/div>\n\t\t\t\t<\/div>\n\t\t\t\t<\/div>\n\t\t<div class=\"elementor-element elementor-element-b06d59d e-flex e-con-boxed e-con e-parent\" data-id=\"b06d59d\" data-element_type=\"container\" data-settings=\"{&quot;background_background&quot;:&quot;classic&quot;}\">\n\t\t\t\t\t<div class=\"e-con-inner\">\n\t\t<div class=\"elementor-element elementor-element-901e3c5 e-flex e-con-boxed e-con e-child\" data-id=\"901e3c5\" data-element_type=\"container\">\n\t\t\t\t\t<div class=\"e-con-inner\">\n\t\t<div class=\"elementor-element elementor-element-3516302 e-flex e-con-boxed e-con e-child\" data-id=\"3516302\" data-element_type=\"container\">\n\t\t\t\t\t<div class=\"e-con-inner\">\n\t\t\t\t<div class=\"elementor-element elementor-element-14ba834 elementor-widget elementor-widget-gva-heading-block\" data-id=\"14ba834\" data-element_type=\"widget\" data-widget_type=\"gva-heading-block.default\">\n\t\t\t\t<div class=\"elementor-widget-container\">\n\t\t\t\t\t<div class=\"gva-element-gva-heading-block gva-element\">   <div class=\"align-left style-1 widget gsc-heading box-align-left auto-responsive\">\r\n      <div class=\"content-inner\">\r\n         \r\n                  \r\n         <div class=\"sub-title\"><span class=\"tagline\">Domaines de recherche<\/span><\/div>  \r\n         \r\n                     <h2 class=\"title \">\r\n               <span>Nous effectuons des  <em>recherches dans des domaines cl\u00e9s<\/em> \n pour aider les organisations \u00e0<i> prendre de meilleures d\u00e9cisions<\/i><\/span>\r\n            <\/h2>\r\n                  \r\n         \r\n         \r\n      <\/div>\r\n   <\/div>\r\n<\/div>\t\t\t\t<\/div>\n\t\t\t\t<\/div>\n\t\t<div class=\"elementor-element elementor-element-67e593f e-con-full e-flex e-con e-child\" data-id=\"67e593f\" data-element_type=\"container\">\n\t\t\t\t<div class=\"elementor-element elementor-element-cc4ca0a elementor-widget__width-auto elementor-widget elementor-widget-html\" data-id=\"cc4ca0a\" data-element_type=\"widget\" data-widget_type=\"html.default\">\n\t\t\t\t<div class=\"elementor-widget-container\">\n\t\t\t\t\t<a class=\"btn-border-theme\" target=\"_blank\" href=\"#\">\n    <span>En savoir plus<\/span>\n<\/a>\t\t\t\t<\/div>\n\t\t\t\t<\/div>\n\t\t\t\t<\/div>\n\t\t\t\t\t<\/div>\n\t\t\t\t<\/div>\n\t\t<div class=\"elementor-element elementor-element-effffbd e-flex e-con-boxed e-con e-child\" data-id=\"effffbd\" data-element_type=\"container\">\n\t\t\t\t\t<div class=\"e-con-inner\">\n\t\t\t\t<div class=\"elementor-element elementor-element-a8e9953 elementor-widget elementor-widget-text-editor\" data-id=\"a8e9953\" data-element_type=\"widget\" data-widget_type=\"text-editor.default\">\n\t\t\t\t<div class=\"elementor-widget-container\">\n\t\t\t\t\t\t\t\t\tL\u2019Institut ARDOA valorise une approche inclusive qui accorde une place non-n\u00e9gligeable aux dynamiques du bas sans occulter celles de l\u2019Etat et des organisations communautaires. \t\t\t\t\t\t\t\t<\/div>\n\t\t\t\t<\/div>\n\t\t<div class=\"elementor-element elementor-element-8f7fbb9 e-con-full e-flex e-con e-child\" data-id=\"8f7fbb9\" data-element_type=\"container\">\n\t\t\t\t<div class=\"elementor-element elementor-element-9eb0f07 elementor-icon-list--layout-traditional elementor-list-item-link-full_width elementor-widget elementor-widget-icon-list\" data-id=\"9eb0f07\" data-element_type=\"widget\" data-widget_type=\"icon-list.default\">\n\t\t\t\t<div class=\"elementor-widget-container\">\n\t\t\t\t\t\t\t<ul class=\"elementor-icon-list-items\">\n\t\t\t\t\t\t\t<li class=\"elementor-icon-list-item\">\n\t\t\t\t\t\t\t\t\t\t\t<span class=\"elementor-icon-list-icon\">\n\t\t\t\t\t\t\t<i aria-hidden=\"true\" class=\" cicon-checkmark-1\"><\/i>\t\t\t\t\t\t<\/span>\n\t\t\t\t\t\t\t\t\t\t<span class=\"elementor-icon-list-text\">Gouvernance<\/span>\n\t\t\t\t\t\t\t\t\t<\/li>\n\t\t\t\t\t\t\t\t<li class=\"elementor-icon-list-item\">\n\t\t\t\t\t\t\t\t\t\t\t<span class=\"elementor-icon-list-icon\">\n\t\t\t\t\t\t\t<i aria-hidden=\"true\" class=\" cicon-checkmark-1\"><\/i>\t\t\t\t\t\t<\/span>\n\t\t\t\t\t\t\t\t\t\t<span class=\"elementor-icon-list-text\">Migration<\/span>\n\t\t\t\t\t\t\t\t\t<\/li>\n\t\t\t\t\t\t\t\t<li class=\"elementor-icon-list-item\">\n\t\t\t\t\t\t\t\t\t\t\t<span class=\"elementor-icon-list-icon\">\n\t\t\t\t\t\t\t<i aria-hidden=\"true\" class=\" cicon-checkmark-1\"><\/i>\t\t\t\t\t\t<\/span>\n\t\t\t\t\t\t\t\t\t\t<span class=\"elementor-icon-list-text\">Sant\u00e9 communautaire<\/span>\n\t\t\t\t\t\t\t\t\t<\/li>\n\t\t\t\t\t\t<\/ul>\n\t\t\t\t\t\t<\/div>\n\t\t\t\t<\/div>\n\t\t\t\t<div class=\"elementor-element elementor-element-41d425b elementor-widget__width-auto elementor-icon-list--layout-traditional elementor-list-item-link-full_width elementor-widget elementor-widget-icon-list\" data-id=\"41d425b\" data-element_type=\"widget\" data-widget_type=\"icon-list.default\">\n\t\t\t\t<div class=\"elementor-widget-container\">\n\t\t\t\t\t\t\t<ul class=\"elementor-icon-list-items\">\n\t\t\t\t\t\t\t<li class=\"elementor-icon-list-item\">\n\t\t\t\t\t\t\t\t\t\t\t<span class=\"elementor-icon-list-icon\">\n\t\t\t\t\t\t\t<i aria-hidden=\"true\" class=\" cicon-checkmark-1\"><\/i>\t\t\t\t\t\t<\/span>\n\t\t\t\t\t\t\t\t\t\t<span class=\"elementor-icon-list-text\">Paix et conflit <\/span>\n\t\t\t\t\t\t\t\t\t<\/li>\n\t\t\t\t\t\t\t\t<li class=\"elementor-icon-list-item\">\n\t\t\t\t\t\t\t\t\t\t\t<span class=\"elementor-icon-list-icon\">\n\t\t\t\t\t\t\t<i aria-hidden=\"true\" class=\" cicon-checkmark-1\"><\/i>\t\t\t\t\t\t<\/span>\n\t\t\t\t\t\t\t\t\t\t<span class=\"elementor-icon-list-text\">Engagement des Jeunes<\/span>\n\t\t\t\t\t\t\t\t\t<\/li>\n\t\t\t\t\t\t<\/ul>\n\t\t\t\t\t\t<\/div>\n\t\t\t\t<\/div>\n\t\t\t\t<\/div>\n\t\t\t\t\t<\/div>\n\t\t\t\t<\/div>\n\t\t\t\t\t<\/div>\n\t\t\t\t<\/div>\n\t\t<div class=\"elementor-element elementor-element-2b6f702 e-con-full e-flex e-con e-child\" data-id=\"2b6f702\" data-element_type=\"container\" data-settings=\"{&quot;background_background&quot;:&quot;classic&quot;}\">\n\t\t<div class=\"elementor-element elementor-element-a285e47 e-con-full e-flex e-con e-child\" data-id=\"a285e47\" data-element_type=\"container\">\n\t\t\t\t<div class=\"elementor-element elementor-element-69c793e elementor-widget elementor-widget-gva-heading-block\" data-id=\"69c793e\" data-element_type=\"widget\" data-widget_type=\"gva-heading-block.default\">\n\t\t\t\t<div class=\"elementor-widget-container\">\n\t\t\t\t\t<div class=\"gva-element-gva-heading-block gva-element\">   <div class=\"align-left style-1 widget gsc-heading box-align-left auto-responsive\">\r\n      <div class=\"content-inner\">\r\n         \r\n                  \r\n         <div class=\"sub-title\"><span class=\"tagline\">Notre m\u00e9tier<\/span><\/div>  \r\n         \r\n                     <h2 class=\"title \">\r\n               <span>\nNous proposons des <em>services adapt\u00e9s <\/em>  dans divers secteurs de d\u00e9veloppement<\/span>\r\n            <\/h2>\r\n                  \r\n                     <div class=\"title-desc\">Identifier, explorer et analyser les nouvelles dynamiques ouest-africaines \u00e0 travers des partenariats et la recherche-action;<\/div>\r\n         \r\n         \r\n      <\/div>\r\n   <\/div>\r\n<\/div>\t\t\t\t<\/div>\n\t\t\t\t<\/div>\n\t\t\t\t<\/div>\n\t\t<div class=\"elementor-element elementor-element-c1909c5 e-con-full e-flex e-con e-child\" data-id=\"c1909c5\" data-element_type=\"container\">\n\t\t\t\t<div class=\"elementor-element elementor-element-6a5107c elementor-widget elementor-widget-gva_icon_box_group\" data-id=\"6a5107c\" data-element_type=\"widget\" data-widget_type=\"gva_icon_box_group.default\">\n\t\t\t\t<div class=\"elementor-widget-container\">\n\t\t\t\t\t<div class=\"gva-element-gva_icon_box_group gva-element\">\r\n<div class=\"gsc-icon-box-group layout-carousel swiper-slider-wrapper \">\r\n   <div class=\"swiper-content-inner\">\r\n      <div class=\"init-carousel-swiper swiper\" data-carousel=\"{&quot;items&quot;:3,&quot;items_lg&quot;:3,&quot;items_md&quot;:3,&quot;items_sm&quot;:3,&quot;items_xs&quot;:2,&quot;items_xx&quot;:2,&quot;effect&quot;:&quot;slide&quot;,&quot;space_between&quot;:30,&quot;loop&quot;:1,&quot;speed&quot;:600,&quot;autoplay&quot;:1,&quot;autoplay_delay&quot;:4500,&quot;autoplay_hover&quot;:1,&quot;navigation&quot;:1,&quot;pagination&quot;:0,&quot;dynamic_bullets&quot;:0,&quot;pagination_type&quot;:&quot;bullets&quot;}\">\r\n         <div class=\"swiper-wrapper\">\r\n            <div class=\"swiper-slide\">\r\n<div class=\"icon-box-item elementor-repeater-item-d833a49\">\r\n\t\t<div class=\"iconbox-one__single\"><h3 class=\"iconbox-one__title\">Elaboration projets <br> de recherche <\/h3><div class=\"iconbox-one__icon\"><i aria-hidden=\"true\" class=\" cicon-meeting\"><\/i><\/div><div class=\"iconbox-one__desc\">ARDOA Institute r\u00e9dige des projets de recherche sur des th\u00e8mes pr\u00e9sentant un int\u00e9r\u00eat pour la sous-r\u00e9gion<\/div>\t\t  <a href=\"#\" class=\"iconbox-one__link-overlay\">\r\n\t\t\t \t\t  <\/a>\r\n\t\t  <\/div>\r\n\t\t<\/div><\/div><div class=\"swiper-slide\">\r\n<div class=\"icon-box-item elementor-repeater-item-b50c52e\">\r\n\t\t<div class=\"iconbox-one__single\"><h3 class=\"iconbox-one__title\">Mise en oeuvre <br> activit\u00e9s de recherche<\/h3><div class=\"iconbox-one__icon\"><i aria-hidden=\"true\" class=\" cicon-product-research\"><\/i><\/div><div class=\"iconbox-one__desc\">Nous mettons en \u0153uvre en toute libert\u00e9 des activit\u00e9s de recherche en consortium avec d'autres organisations partenaires<\/div>\t\t  <a href=\"#\" class=\"iconbox-one__link-overlay\">\r\n\t\t\t \t\t  <\/a>\r\n\t\t  <\/div>\r\n\t\t<\/div><\/div><div class=\"swiper-slide\">\r\n<div class=\"icon-box-item elementor-repeater-item-2c50c28\">\r\n\t\t<div class=\"iconbox-one__single\"><h3 class=\"iconbox-one__title\">Suivi-evaluation projets <br>de d\u00e9veloppement<\/h3><div class=\"iconbox-one__icon\"><i aria-hidden=\"true\" class=\" cicon-defining\"><\/i><\/div><div class=\"iconbox-one__desc\">Nous r\u00e9pondons \u00e0 des appels d'offres pour l'\u00e9valuation de projets de d\u00e9veloppement dans la sous-r\u00e9gion<\/div>\t\t  <a href=\"#\" class=\"iconbox-one__link-overlay\">\r\n\t\t\t \t\t  <\/a>\r\n\t\t  <\/div>\r\n\t\t<\/div><\/div><div class=\"swiper-slide\">\r\n<div class=\"icon-box-item elementor-repeater-item-c492c79\">\r\n\t\t<div class=\"iconbox-one__single\"><h3 class=\"iconbox-one__title\">Consultance et <br> Formation<\/h3><div class=\"iconbox-one__icon\"><i aria-hidden=\"true\" class=\" cicon-consulting-2\"><\/i><\/div><div class=\"iconbox-one__desc\">Nous apportons un appui-conseil aux organisations publiques et priv\u00e9es en Afrique de l'Ouest<\/div>\t\t  <a href=\"#\" class=\"iconbox-one__link-overlay\">\r\n\t\t\t \t\t  <\/a>\r\n\t\t  <\/div>\r\n\t\t<\/div><\/div><div class=\"swiper-slide\">\r\n<div class=\"icon-box-item elementor-repeater-item-d4a195c\">\r\n\t\t<div class=\"iconbox-one__single\"><h3 class=\"iconbox-one__title\">Publications<\/h3><div class=\"iconbox-one__icon\"><i aria-hidden=\"true\" class=\" cicon-idea\"><\/i><\/div><div class=\"iconbox-one__desc\">A travers des partenariats de recherche, nous contribuons \u00e0 la production de publications scientifiques<\/div>\t\t  <a href=\"#\" class=\"iconbox-one__link-overlay\">\r\n\t\t\t \t\t  <\/a>\r\n\t\t  <\/div>\r\n\t\t<\/div><\/div>         <\/div>\r\n      <\/div>\r\n   <\/div>   \r\n   <div class=\"swiper-pagination\"><\/div>   <div class=\"swiper-nav-next\"><\/div><div class=\"swiper-nav-prev\"><\/div><\/div>\r\n<\/div>\t\t\t\t<\/div>\n\t\t\t\t<\/div>\n\t\t<div class=\"elementor-element elementor-element-c9c2962 e-con-full e-flex e-con e-child\" data-id=\"c9c2962\" data-element_type=\"container\">\n\t\t\t\t<div class=\"elementor-element elementor-element-1990f33 elementor-widget__width-auto elementor-widget elementor-widget-html\" data-id=\"1990f33\" data-element_type=\"widget\" data-widget_type=\"html.default\">\n\t\t\t\t<div class=\"elementor-widget-container\">\n\t\t\t\t\t<a class=\"btn-theme\" href=\"https:\/\/ardoainstitute.com\/services\/\">\n    <span>Nos services <\/span>\n<\/a>\t\t\t\t<\/div>\n\t\t\t\t<\/div>\n\t\t\t\t<\/div>\n\t\t\t\t<\/div>\n\t\t\t\t<\/div>\n\t\t\t\t\t<\/div>\n\t\t\t\t<\/div>\n\t\t<div class=\"elementor-element elementor-element-f481245 e-flex e-con-boxed e-con e-parent\" data-id=\"f481245\" data-element_type=\"container\">\n\t\t\t\t\t<div class=\"e-con-inner\">\n\t\t<div class=\"elementor-element elementor-element-65a70aa e-con-full e-flex e-con e-child\" data-id=\"65a70aa\" data-element_type=\"container\">\n\t\t\t\t<div class=\"elementor-element elementor-element-bbae145 elementor-widget elementor-widget-gva-image-content\" data-id=\"bbae145\" data-element_type=\"widget\" data-widget_type=\"gva-image-content.default\">\n\t\t\t\t<div class=\"elementor-widget-container\">\n\t\t\t\t\t<div class=\"gva-element-gva-image-content gva-element\">\t\t\r\n\t  \r\n\t \r\n\r\n\t \r\n\r\n\t\t\t<div class=\"about-three__single\">\r\n\t\t  \t<div class=\"about-three__image\"><div class=\"content-inner\"><img decoding=\"async\" src=\"https:\/\/ardoainstitute.com\/wp-content\/uploads\/2024\/08\/work4.jpg\" alt=\"\" \/><\/div><\/div><div class=\"about-three__image-second\"><div class=\"content-inner\"><img decoding=\"async\" src=\"https:\/\/ardoainstitute.com\/wp-content\/uploads\/2024\/08\/work1.jpg\" alt=\"\" \/><\/div><\/div>\t\t<\/div>\r\n\t\r\n\t \r\n  \r\n \r\n\r\n  \r\n \r\n\r\n \r\n\t<\/div>\t\t\t\t<\/div>\n\t\t\t\t<\/div>\n\t\t\t\t<\/div>\n\t\t<div class=\"elementor-element elementor-element-a7053af e-con-full e-flex e-con e-child\" data-id=\"a7053af\" data-element_type=\"container\">\n\t\t\t\t<div class=\"elementor-element elementor-element-326c485 elementor-widget elementor-widget-gva-heading-block\" data-id=\"326c485\" data-element_type=\"widget\" data-widget_type=\"gva-heading-block.default\">\n\t\t\t\t<div class=\"elementor-widget-container\">\n\t\t\t\t\t<div class=\"gva-element-gva-heading-block gva-element\">   <div class=\"align-left style-1 widget gsc-heading box-align-left auto-responsive\">\r\n      <div class=\"content-inner\">\r\n         \r\n                  \r\n         <div class=\"sub-title\"><span class=\"tagline\">A propos de l&#039;Institut ARDOA <\/span><\/div>  \r\n         \r\n                     <h2 class=\"title \">\r\n               <span>Nous offrons des <em>perspectives de d\u00e9veloppement <\/em> aux d\u00e9cideurs <\/span>\r\n            <\/h2>\r\n                  \r\n         \r\n         \r\n      <\/div>\r\n   <\/div>\r\n<\/div>\t\t\t\t<\/div>\n\t\t\t\t<\/div>\n\t\t\t\t<div class=\"elementor-element elementor-element-f95f49e elementor-widget elementor-widget-text-editor\" data-id=\"f95f49e\" data-element_type=\"widget\" data-widget_type=\"text-editor.default\">\n\t\t\t\t<div class=\"elementor-widget-container\">\n\t\t\t\t\t\t\t\t\t<p>Notre ambition est de contribuer \u00e0 une meilleure connaissance de ce qui se joue dans cette partie de l\u2019Afrique de l\u2019Ouest en termes d\u2019enjeux et de faits socio-politiques.<\/p>\t\t\t\t\t\t\t\t<\/div>\n\t\t\t\t<\/div>\n\t\t\t\t<div class=\"elementor-element elementor-element-282ef1d elementor-widget-divider--view-line elementor-widget elementor-widget-divider\" data-id=\"282ef1d\" data-element_type=\"widget\" data-widget_type=\"divider.default\">\n\t\t\t\t<div class=\"elementor-widget-container\">\n\t\t\t\t\t\t\t<div class=\"elementor-divider\">\n\t\t\t<span class=\"elementor-divider-separator\">\n\t\t\t\t\t\t<\/span>\n\t\t<\/div>\n\t\t\t\t\t\t<\/div>\n\t\t\t\t<\/div>\n\t\t\t\t<div class=\"elementor-element elementor-element-f7af4e8 elementor-widget elementor-widget-heading\" data-id=\"f7af4e8\" data-element_type=\"widget\" data-widget_type=\"heading.default\">\n\t\t\t\t<div class=\"elementor-widget-container\">\n\t\t\t\t\t<h2 class=\"elementor-heading-title elementor-size-default\">Nos Objectifs<\/h2>\t\t\t\t<\/div>\n\t\t\t\t<\/div>\n\t\t\t\t<div class=\"elementor-element elementor-element-9d3ff88 elementor-icon-list--layout-traditional elementor-list-item-link-full_width elementor-widget elementor-widget-icon-list\" data-id=\"9d3ff88\" data-element_type=\"widget\" data-widget_type=\"icon-list.default\">\n\t\t\t\t<div class=\"elementor-widget-container\">\n\t\t\t\t\t\t\t<ul class=\"elementor-icon-list-items\">\n\t\t\t\t\t\t\t<li class=\"elementor-icon-list-item\">\n\t\t\t\t\t\t\t\t\t\t\t<span class=\"elementor-icon-list-icon\">\n\t\t\t\t\t\t\t<i aria-hidden=\"true\" class=\" cicon-checkmark-1\"><\/i>\t\t\t\t\t\t<\/span>\n\t\t\t\t\t\t\t\t\t\t<span class=\"elementor-icon-list-text\">Identifier, explorer et analyser les nouvelles dynamiques ouest-africaines \u00e0 travers des partenariats et la recherche-action<\/span>\n\t\t\t\t\t\t\t\t\t<\/li>\n\t\t\t\t\t\t\t\t<li class=\"elementor-icon-list-item\">\n\t\t\t\t\t\t\t\t\t\t\t<span class=\"elementor-icon-list-icon\">\n\t\t\t\t\t\t\t<i aria-hidden=\"true\" class=\" cicon-checkmark-1\"><\/i>\t\t\t\t\t\t<\/span>\n\t\t\t\t\t\t\t\t\t\t<span class=\"elementor-icon-list-text\">Renseigner la decision publique \u00e0 travers des publications et des side-events<\/span>\n\t\t\t\t\t\t\t\t\t<\/li>\n\t\t\t\t\t\t\t\t<li class=\"elementor-icon-list-item\">\n\t\t\t\t\t\t\t\t\t\t\t<span class=\"elementor-icon-list-icon\">\n\t\t\t\t\t\t\t<i aria-hidden=\"true\" class=\" cicon-checkmark-1\"><\/i>\t\t\t\t\t\t<\/span>\n\t\t\t\t\t\t\t\t\t\t<span class=\"elementor-icon-list-text\">mettre en oeuvre des programmes de d\u00e9veloppement contribuant \u00e0 la resilience des communaut\u00e9s ouest-africaines;<\/span>\n\t\t\t\t\t\t\t\t\t<\/li>\n\t\t\t\t\t\t<\/ul>\n\t\t\t\t\t\t<\/div>\n\t\t\t\t<\/div>\n\t\t\t\t<\/div>\n\t\t\t\t\t<\/div>\n\t\t\t\t<\/div>\n\t\t<div class=\"elementor-element elementor-element-0cee50e e-flex e-con-boxed e-con e-parent\" data-id=\"0cee50e\" data-element_type=\"container\">\n\t\t\t\t\t<div class=\"e-con-inner\">\n\t\t<div class=\"elementor-element elementor-element-e30ac6c e-flex e-con-boxed e-con e-child\" data-id=\"e30ac6c\" data-element_type=\"container\">\n\t\t\t\t\t<div class=\"e-con-inner\">\n\t\t<div class=\"elementor-element elementor-element-b098d0b e-flex e-con-boxed e-con e-child\" data-id=\"b098d0b\" data-element_type=\"container\" data-settings=\"{&quot;background_background&quot;:&quot;gradient&quot;}\">\n\t\t\t\t\t<div class=\"e-con-inner\">\n\t\t<div class=\"elementor-element elementor-element-c744cb2 e-con-full e-flex e-con e-child\" data-id=\"c744cb2\" data-element_type=\"container\">\n\t\t\t\t<div class=\"elementor-element elementor-element-01002ee elementor-widget elementor-widget-heading\" data-id=\"01002ee\" data-element_type=\"widget\" data-widget_type=\"heading.default\">\n\t\t\t\t<div class=\"elementor-widget-container\">\n\t\t\t\t\t<h2 class=\"elementor-heading-title elementor-size-default\"><b>25 ans + <\/b> <em> \nd'experience<\/em><\/h2>\t\t\t\t<\/div>\n\t\t\t\t<\/div>\n\t\t\t\t<\/div>\n\t\t<div class=\"elementor-element elementor-element-911d40a e-con-full e-flex e-con e-child\" data-id=\"911d40a\" data-element_type=\"container\">\n\t\t\t\t<div class=\"elementor-element elementor-element-e3239ce elementor-widget elementor-widget-text-editor\" data-id=\"e3239ce\" data-element_type=\"widget\" data-widget_type=\"text-editor.default\">\n\t\t\t\t<div class=\"elementor-widget-container\">\n\t\t\t\t\t\t\t\t\t<p>Produire et diss\u00e9miner des connaissances afin de promouvoir une approche par le bas<\/p>\t\t\t\t\t\t\t\t<\/div>\n\t\t\t\t<\/div>\n\t\t\t\t<\/div>\n\t\t<div class=\"elementor-element elementor-element-86f5b1e e-con-full e-flex e-con e-child\" data-id=\"86f5b1e\" data-element_type=\"container\">\n\t\t\t\t<div class=\"elementor-element elementor-element-3669f6a elementor-widget elementor-widget-text-editor\" data-id=\"3669f6a\" data-element_type=\"widget\" data-widget_type=\"text-editor.default\">\n\t\t\t\t<div class=\"elementor-widget-container\">\n\t\t\t\t\t\t\t\t\t<a class=\"btn-white\" href=\"https:\/\/ardoainstitute.com\/fr\/contact\/\">\nContactez-nous\n<\/a>\t\t\t\t\t\t\t\t<\/div>\n\t\t\t\t<\/div>\n\t\t\t\t<\/div>\n\t\t\t\t\t<\/div>\n\t\t\t\t<\/div>\n\t\t\t\t\t<\/div>\n\t\t\t\t<\/div>\n\t\t\t\t\t<\/div>\n\t\t\t\t<\/div>\n\t\t\t\t<\/div>\n\t\t","protected":false},"excerpt":{"rendered":"<p>Apporter des \u00e9clairages sur les nouvelles dynamiques en Afrique de l&rsquo;Ouest Explorer et d\u2019aider \u00e0 comprendre les dynamiques majeures relevant de diff\u00e9rents champs sociaux Contactez-nous A Propos Domaines de recherche Nous effectuons des recherches dans des domaines cl\u00e9s pour aider les organisations \u00e0 prendre de meilleures d\u00e9cisions En savoir plus L\u2019Institut ARDOA valorise une approche [&hellip;]<\/p>\n","protected":false},"author":1,"featured_media":0,"parent":0,"menu_order":0,"comment_status":"closed","ping_status":"closed","template":"","meta":{"_monsterinsights_skip_tracking":false,"_monsterinsights_sitenote_active":false,"_monsterinsights_sitenote_note":"","_monsterinsights_sitenote_category":0,"_themeisle_gutenberg_block_has_review":false,"footnotes":""},"class_list":["post-1106","page","type-page","status-publish","hentry"],"_links":{"self":[{"href":"https:\/\/ardoainstitute.com\/fr\/wp-json\/wp\/v2\/pages\/1106"}],"collection":[{"href":"https:\/\/ardoainstitute.com\/fr\/wp-json\/wp\/v2\/pages"}],"about":[{"href":"https:\/\/ardoainstitute.com\/fr\/wp-json\/wp\/v2\/types\/page"}],"author":[{"embeddable":true,"href":"https:\/\/ardoainstitute.com\/fr\/wp-json\/wp\/v2\/users\/1"}],"replies":[{"embeddable":true,"href":"https:\/\/ardoainstitute.com\/fr\/wp-json\/wp\/v2\/comments?post=1106"}],"version-history":[{"count":77,"href":"https:\/\/ardoainstitute.com\/fr\/wp-json\/wp\/v2\/pages\/1106\/revisions"}],"predecessor-version":[{"id":1401,"href":"https:\/\/ardoainstitute.com\/fr\/wp-json\/wp\/v2\/pages\/1106\/revisions\/1401"}],"wp:attachment":[{"href":"https:\/\/ardoainstitute.com\/fr\/wp-json\/wp\/v2\/media?parent=1106"}],"curies":[{"name":"wp","href":"https:\/\/api.w.org\/{rel}","templated":true}]}}