{"id":1306,"date":"2024-08-17T16:44:41","date_gmt":"2024-08-17T16:44:41","guid":{"rendered":"https:\/\/ardoainstitute.com\/research-areas\/"},"modified":"2024-09-05T12:34:25","modified_gmt":"2024-09-05T12:34:25","slug":"domaines-recherche","status":"publish","type":"page","link":"https:\/\/ardoainstitute.com\/fr\/domaines-recherche\/","title":{"rendered":"Domaines de recherche"},"content":{"rendered":"\t\t<div data-elementor-type=\"wp-page\" data-elementor-id=\"1306\" class=\"elementor elementor-1306 elementor-922\">\n\t\t\t\t<div class=\"elementor-element elementor-element-6f43fa40 e-con-full e-flex e-con e-parent\" data-id=\"6f43fa40\" data-element_type=\"container\" data-settings=\"{&quot;background_background&quot;:&quot;classic&quot;}\">\n\t\t<div class=\"elementor-element elementor-element-35e78ca4 e-con-full e-flex e-con e-child\" data-id=\"35e78ca4\" data-element_type=\"container\">\n\t\t\t\t<div class=\"elementor-element elementor-element-2e5bf171 elementor-widget elementor-widget-gva-heading-block\" data-id=\"2e5bf171\" data-element_type=\"widget\" data-widget_type=\"gva-heading-block.default\">\n\t\t\t\t<div class=\"elementor-widget-container\">\n\t\t\t\t\t<div class=\"gva-element-gva-heading-block gva-element\">   <div class=\"align-center style-1 widget gsc-heading box-align-left auto-responsive\">\r\n      <div class=\"content-inner\">\r\n         \r\n                  \r\n           \r\n         \r\n                     <h2 class=\"title \">\r\n               <span>Nos domaines de recherche<\/span>\r\n            <\/h2>\r\n                  \r\n                     <div class=\"title-desc\">Identifier, explorer et analyser les nouvelles dynamiques ouest-africaines \u00e0 travers des partenariats et la recherche-action<\/div>\r\n         \r\n         \r\n      <\/div>\r\n   <\/div>\r\n<\/div>\t\t\t\t<\/div>\n\t\t\t\t<\/div>\n\t\t\t\t<\/div>\n\t\t\t\t<\/div>\n\t\t<div class=\"elementor-element elementor-element-f069b97 e-flex e-con-boxed e-con e-parent\" data-id=\"f069b97\" data-element_type=\"container\">\n\t\t\t\t\t<div class=\"e-con-inner\">\n\t\t<div class=\"elementor-element elementor-element-6da218b e-con-full e-flex e-con e-child\" data-id=\"6da218b\" data-element_type=\"container\">\n\t\t\t\t<div class=\"elementor-element elementor-element-fee9a4c elementor-widget elementor-widget-gva-heading-block\" data-id=\"fee9a4c\" data-element_type=\"widget\" data-widget_type=\"gva-heading-block.default\">\n\t\t\t\t<div class=\"elementor-widget-container\">\n\t\t\t\t\t<div class=\"gva-element-gva-heading-block gva-element\">   <div class=\"align-left style-1 widget gsc-heading box-align-left auto-responsive\">\r\n      <div class=\"content-inner\">\r\n         \r\n                  \r\n         <div class=\"sub-title\"><span class=\"tagline\">Gouvernance <\/span><\/div>  \r\n         \r\n                     <h2 class=\"title \">\r\n               <span>Gouvernance <\/span>\r\n            <\/h2>\r\n                  \r\n                     <div class=\"title-desc\">La gestion inclusive des affaires publiques, qui implique la prise en compte des int\u00e9r\u00eats des diff\u00e9rents acteurs concern\u00e9s, est un d\u00e9fi auquel sont confront\u00e9es les communaut\u00e9s ouest-africaines. Les secteurs dans lesquels ce d\u00e9fi se pose avec acuit\u00e9 sont nombreux et vari\u00e9s mais l'objectif de notre recherche est de cibler les modes de construction de consensus \u00e0 l'\u0153uvre en Afrique de l'Ouest, en s'appuyant avant tout sur les dynamiques locales.<\/div>\r\n         \r\n         \r\n      <\/div>\r\n   <\/div>\r\n<\/div>\t\t\t\t<\/div>\n\t\t\t\t<\/div>\n\t\t\t\t<\/div>\n\t\t<div class=\"elementor-element elementor-element-6a5ef9e e-con-full e-flex e-con e-child\" data-id=\"6a5ef9e\" data-element_type=\"container\">\n\t\t\t\t<div class=\"elementor-element elementor-element-6a46e4c elementor-widget elementor-widget-image\" data-id=\"6a46e4c\" data-element_type=\"widget\" data-widget_type=\"image.default\">\n\t\t\t\t<div class=\"elementor-widget-container\">\n\t\t\t\t\t\t\t\t\t\t\t\t\t\t\t<img fetchpriority=\"high\" decoding=\"async\" width=\"680\" height=\"510\" src=\"https:\/\/ardoainstitute.com\/wp-content\/uploads\/2024\/09\/west-africa-gouvernance.jpg\" class=\"attachment-full size-full wp-image-1292\" alt=\"West Africa gouvernance\" \/>\t\t\t\t\t\t\t\t\t\t\t\t\t\t\t<\/div>\n\t\t\t\t<\/div>\n\t\t\t\t<\/div>\n\t\t\t\t\t<\/div>\n\t\t\t\t<\/div>\n\t\t<div class=\"elementor-element elementor-element-9aec0e0 e-flex e-con-boxed e-con e-parent\" data-id=\"9aec0e0\" data-element_type=\"container\">\n\t\t\t\t\t<div class=\"e-con-inner\">\n\t\t<div class=\"elementor-element elementor-element-ece0400 e-con-full e-flex e-con e-child\" data-id=\"ece0400\" data-element_type=\"container\">\n\t\t\t\t<div class=\"elementor-element elementor-element-b5b582c elementor-widget elementor-widget-image\" data-id=\"b5b582c\" data-element_type=\"widget\" data-widget_type=\"image.default\">\n\t\t\t\t<div class=\"elementor-widget-container\">\n\t\t\t\t\t\t\t\t\t\t\t\t\t\t\t<img decoding=\"async\" width=\"945\" height=\"490\" src=\"https:\/\/ardoainstitute.com\/wp-content\/uploads\/2024\/08\/dr-abdoul-wahab-cisse-ARDOA-institute.jpg\" class=\"attachment-full size-full wp-image-1103\" alt=\"\" srcset=\"https:\/\/ardoainstitute.com\/wp-content\/uploads\/2024\/08\/dr-abdoul-wahab-cisse-ARDOA-institute.jpg 945w, https:\/\/ardoainstitute.com\/wp-content\/uploads\/2024\/08\/dr-abdoul-wahab-cisse-ARDOA-institute-768x398.jpg 768w\" sizes=\"(max-width: 945px) 100vw, 945px\" \/>\t\t\t\t\t\t\t\t\t\t\t\t\t\t\t<\/div>\n\t\t\t\t<\/div>\n\t\t\t\t<\/div>\n\t\t<div class=\"elementor-element elementor-element-762fab5 e-con-full e-flex e-con e-child\" data-id=\"762fab5\" data-element_type=\"container\">\n\t\t\t\t<div class=\"elementor-element elementor-element-6539c85 elementor-widget elementor-widget-gva-heading-block\" data-id=\"6539c85\" data-element_type=\"widget\" data-widget_type=\"gva-heading-block.default\">\n\t\t\t\t<div class=\"elementor-widget-container\">\n\t\t\t\t\t<div class=\"gva-element-gva-heading-block gva-element\">   <div class=\"align-left style-1 widget gsc-heading box-align-left auto-responsive\">\r\n      <div class=\"content-inner\">\r\n         \r\n                  \r\n         <div class=\"sub-title\"><span class=\"tagline\">Paix et conflit <\/span><\/div>  \r\n         \r\n                     <h2 class=\"title \">\r\n               <span>Paix et conflit <\/span>\r\n            <\/h2>\r\n                  \r\n                     <div class=\"title-desc\">La sous-r\u00e9gion ouest-africaine a l'un des taux de mobilit\u00e9 les plus \u00e9lev\u00e9s d'Afrique. Il est important de d\u00e9m\u00ealer les diff\u00e9rents types de mobilit\u00e9 qui y ont lieu, et les motivations qui y sont attach\u00e9es, afin de d\u00e9velopper des politiques migratoires communes pour la r\u00e9gion, capables de permettre un dialogue avec le reste du monde sur la gouvernance globale de cette question cruciale.<\/div>\r\n         \r\n         \r\n      <\/div>\r\n   <\/div>\r\n<\/div>\t\t\t\t<\/div>\n\t\t\t\t<\/div>\n\t\t\t\t<\/div>\n\t\t\t\t\t<\/div>\n\t\t\t\t<\/div>\n\t\t<div class=\"elementor-element elementor-element-3b67c29 e-flex e-con-boxed e-con e-parent\" data-id=\"3b67c29\" data-element_type=\"container\">\n\t\t\t\t\t<div class=\"e-con-inner\">\n\t\t<div class=\"elementor-element elementor-element-e8ec8b5 e-con-full e-flex e-con e-child\" data-id=\"e8ec8b5\" data-element_type=\"container\">\n\t\t\t\t<div class=\"elementor-element elementor-element-0e646ba elementor-widget elementor-widget-gva-heading-block\" data-id=\"0e646ba\" data-element_type=\"widget\" data-widget_type=\"gva-heading-block.default\">\n\t\t\t\t<div class=\"elementor-widget-container\">\n\t\t\t\t\t<div class=\"gva-element-gva-heading-block gva-element\">   <div class=\"align-left style-1 widget gsc-heading box-align-left auto-responsive\">\r\n      <div class=\"content-inner\">\r\n         \r\n                  \r\n         <div class=\"sub-title\"><span class=\"tagline\">Migration<\/span><\/div>  \r\n         \r\n                     <h2 class=\"title \">\r\n               <span>Migration<\/span>\r\n            <\/h2>\r\n                  \r\n                     <div class=\"title-desc\">La sous-r\u00e9gion ouest-africaine a l'un des taux de mobilit\u00e9 les plus \u00e9lev\u00e9s d'Afrique. Il est important de d\u00e9m\u00ealer les diff\u00e9rents types de mobilit\u00e9 qui y ont lieu, et les motivations qui y sont attach\u00e9es, afin de d\u00e9velopper des politiques migratoires communes pour la r\u00e9gion, capables de permettre un dialogue avec le reste du monde sur la gouvernance globale de cette question cruciale.<\/div>\r\n         \r\n         \r\n      <\/div>\r\n   <\/div>\r\n<\/div>\t\t\t\t<\/div>\n\t\t\t\t<\/div>\n\t\t\t\t<\/div>\n\t\t<div class=\"elementor-element elementor-element-57deb78 e-con-full e-flex e-con e-child\" data-id=\"57deb78\" data-element_type=\"container\">\n\t\t\t\t<div class=\"elementor-element elementor-element-7c40310 elementor-widget elementor-widget-image\" data-id=\"7c40310\" data-element_type=\"widget\" data-widget_type=\"image.default\">\n\t\t\t\t<div class=\"elementor-widget-container\">\n\t\t\t\t\t\t\t\t\t\t\t\t\t\t\t<img decoding=\"async\" width=\"634\" height=\"426\" src=\"https:\/\/ardoainstitute.com\/wp-content\/uploads\/2024\/09\/west-africa-people-migration-2.jpg\" class=\"attachment-full size-full wp-image-1297\" alt=\"West Africa people migration\" \/>\t\t\t\t\t\t\t\t\t\t\t\t\t\t\t<\/div>\n\t\t\t\t<\/div>\n\t\t\t\t<\/div>\n\t\t\t\t\t<\/div>\n\t\t\t\t<\/div>\n\t\t<div class=\"elementor-element elementor-element-a0372b1 e-flex e-con-boxed e-con e-parent\" data-id=\"a0372b1\" data-element_type=\"container\">\n\t\t\t\t\t<div class=\"e-con-inner\">\n\t\t<div class=\"elementor-element elementor-element-77a9658 e-con-full e-flex e-con e-child\" data-id=\"77a9658\" data-element_type=\"container\">\n\t\t\t\t<div class=\"elementor-element elementor-element-4284894 elementor-widget elementor-widget-image\" data-id=\"4284894\" data-element_type=\"widget\" data-widget_type=\"image.default\">\n\t\t\t\t<div class=\"elementor-widget-container\">\n\t\t\t\t\t\t\t\t\t\t\t\t\t\t\t<img loading=\"lazy\" decoding=\"async\" width=\"680\" height=\"453\" src=\"https:\/\/ardoainstitute.com\/wp-content\/uploads\/2024\/09\/west-africa-youth-engagement.jpg\" class=\"attachment-full size-full wp-image-1277\" alt=\"West Africa youth engagement\" \/>\t\t\t\t\t\t\t\t\t\t\t\t\t\t\t<\/div>\n\t\t\t\t<\/div>\n\t\t\t\t<\/div>\n\t\t<div class=\"elementor-element elementor-element-a682cd6 e-con-full e-flex e-con e-child\" data-id=\"a682cd6\" data-element_type=\"container\">\n\t\t\t\t<div class=\"elementor-element elementor-element-9c5053f elementor-widget elementor-widget-gva-heading-block\" data-id=\"9c5053f\" data-element_type=\"widget\" data-widget_type=\"gva-heading-block.default\">\n\t\t\t\t<div class=\"elementor-widget-container\">\n\t\t\t\t\t<div class=\"gva-element-gva-heading-block gva-element\">   <div class=\"align-left style-1 widget gsc-heading box-align-left auto-responsive\">\r\n      <div class=\"content-inner\">\r\n         \r\n                  \r\n         <div class=\"sub-title\"><span class=\"tagline\">Engagement des Jeunes<\/span><\/div>  \r\n         \r\n                     <h2 class=\"title \">\r\n               <span>Engagement des Jeunes<\/span>\r\n            <\/h2>\r\n                  \r\n                     <div class=\"title-desc\">L'Afrique de l'Ouest a une population jeune, avec environ 60% de moins de 25 ans. Ce potentiel d\u00e9mographique repr\u00e9sente une force, mais aussi un d\u00e9fi en termes d'emploi, d'\u00e9ducation et de participation citoyenne. La mobilisation de ces cadets sociaux est en plein essor, illustr\u00e9e par leur forte implication dans les d\u00e9bats publics \u00e0 travers la construction de r\u00e9cits sur leur sous-emploi, la corruption, la d\u00e9mocratie, mais surtout le souverainisme et la red\u00e9couverte de l'estime de soi \u00e0 travers une hostilit\u00e9 agressive envers les anciennes puissances colonisatrices. De ce point de vue, les plateformes num\u00e9riques offrent de nouveaux espaces d'expression, r\u00e9v\u00e9lant les m\u00e9canismes de fabrication de l'opinion chez cette frange de la population ouest-africaine.<\/div>\r\n         \r\n         \r\n      <\/div>\r\n   <\/div>\r\n<\/div>\t\t\t\t<\/div>\n\t\t\t\t<\/div>\n\t\t\t\t<\/div>\n\t\t\t\t\t<\/div>\n\t\t\t\t<\/div>\n\t\t<div class=\"elementor-element elementor-element-4491de3 e-flex e-con-boxed e-con e-parent\" data-id=\"4491de3\" data-element_type=\"container\">\n\t\t\t\t\t<div class=\"e-con-inner\">\n\t\t<div class=\"elementor-element elementor-element-c1cd6c3 e-con-full e-flex e-con e-child\" data-id=\"c1cd6c3\" data-element_type=\"container\">\n\t\t\t\t<div class=\"elementor-element elementor-element-1a0b069 elementor-widget elementor-widget-gva-heading-block\" data-id=\"1a0b069\" data-element_type=\"widget\" data-widget_type=\"gva-heading-block.default\">\n\t\t\t\t<div class=\"elementor-widget-container\">\n\t\t\t\t\t<div class=\"gva-element-gva-heading-block gva-element\">   <div class=\"align-left style-1 widget gsc-heading box-align-left auto-responsive\">\r\n      <div class=\"content-inner\">\r\n         \r\n                  \r\n         <div class=\"sub-title\"><span class=\"tagline\">Sant\u00e9 communautaire <\/span><\/div>  \r\n         \r\n                     <h2 class=\"title \">\r\n               <span>Sant\u00e9 communautaire <\/span>\r\n            <\/h2>\r\n                  \r\n                     <div class=\"title-desc\">Comment garantir la s\u00e9curit\u00e9 sanitaire des populations ouest-africaines dans un contexte de changement climatique et de multiplication des tensions et conflits sous-r\u00e9gionaux ? Ces derniers favorisent souvent les d\u00e9placements de populations, qui sont le terreau de diverses pathologies et maladies end\u00e9miques, en particulier chez les groupes les plus vuln\u00e9rables, comme les enfants.<\/div>\r\n         \r\n         \r\n      <\/div>\r\n   <\/div>\r\n<\/div>\t\t\t\t<\/div>\n\t\t\t\t<\/div>\n\t\t\t\t<\/div>\n\t\t<div class=\"elementor-element elementor-element-7294011 e-con-full e-flex e-con e-child\" data-id=\"7294011\" data-element_type=\"container\">\n\t\t\t\t<div class=\"elementor-element elementor-element-c4ad16a elementor-widget elementor-widget-image\" data-id=\"c4ad16a\" data-element_type=\"widget\" data-widget_type=\"image.default\">\n\t\t\t\t<div class=\"elementor-widget-container\">\n\t\t\t\t\t\t\t\t\t\t\t\t\t\t\t<img loading=\"lazy\" decoding=\"async\" width=\"627\" height=\"386\" src=\"https:\/\/ardoainstitute.com\/wp-content\/uploads\/2024\/09\/west-africa-community-health.jpg\" class=\"attachment-full size-full wp-image-1302\" alt=\"West Africa community health\" \/>\t\t\t\t\t\t\t\t\t\t\t\t\t\t\t<\/div>\n\t\t\t\t<\/div>\n\t\t\t\t<\/div>\n\t\t\t\t\t<\/div>\n\t\t\t\t<\/div>\n\t\t\t\t<\/div>\n\t\t","protected":false},"excerpt":{"rendered":"<p>Nos domaines de recherche Identifier, explorer et analyser les nouvelles dynamiques ouest-africaines \u00e0 travers des partenariats et la recherche-action Gouvernance Gouvernance La gestion inclusive des affaires publiques, qui implique la prise en compte des int\u00e9r\u00eats des diff\u00e9rents acteurs concern\u00e9s, est un d\u00e9fi auquel sont confront\u00e9es les communaut\u00e9s ouest-africaines. Les secteurs dans lesquels ce d\u00e9fi se [&hellip;]<\/p>\n","protected":false},"author":1,"featured_media":0,"parent":0,"menu_order":0,"comment_status":"closed","ping_status":"closed","template":"","meta":{"_monsterinsights_skip_tracking":false,"_monsterinsights_sitenote_active":false,"_monsterinsights_sitenote_note":"","_monsterinsights_sitenote_category":0,"_themeisle_gutenberg_block_has_review":false,"footnotes":""},"class_list":["post-1306","page","type-page","status-publish","hentry"],"_links":{"self":[{"href":"https:\/\/ardoainstitute.com\/fr\/wp-json\/wp\/v2\/pages\/1306"}],"collection":[{"href":"https:\/\/ardoainstitute.com\/fr\/wp-json\/wp\/v2\/pages"}],"about":[{"href":"https:\/\/ardoainstitute.com\/fr\/wp-json\/wp\/v2\/types\/page"}],"author":[{"embeddable":true,"href":"https:\/\/ardoainstitute.com\/fr\/wp-json\/wp\/v2\/users\/1"}],"replies":[{"embeddable":true,"href":"https:\/\/ardoainstitute.com\/fr\/wp-json\/wp\/v2\/comments?post=1306"}],"version-history":[{"count":15,"href":"https:\/\/ardoainstitute.com\/fr\/wp-json\/wp\/v2\/pages\/1306\/revisions"}],"predecessor-version":[{"id":1326,"href":"https:\/\/ardoainstitute.com\/fr\/wp-json\/wp\/v2\/pages\/1306\/revisions\/1326"}],"wp:attachment":[{"href":"https:\/\/ardoainstitute.com\/fr\/wp-json\/wp\/v2\/media?parent=1306"}],"curies":[{"name":"wp","href":"https:\/\/api.w.org\/{rel}","templated":true}]}}