{"id":1390,"date":"2024-05-24T02:19:12","date_gmt":"2024-05-24T02:19:12","guid":{"rendered":"https:\/\/ardoainstitute.com\/services\/"},"modified":"2024-09-19T17:30:10","modified_gmt":"2024-09-19T17:30:10","slug":"services","status":"publish","type":"page","link":"https:\/\/ardoainstitute.com\/fr\/services\/","title":{"rendered":"Services"},"content":{"rendered":"\t\t<div data-elementor-type=\"wp-page\" data-elementor-id=\"1390\" class=\"elementor elementor-1390 elementor-404\">\n\t\t\t\t<div class=\"elementor-element elementor-element-af0a5ab e-flex e-con-boxed e-con e-parent\" data-id=\"af0a5ab\" data-element_type=\"container\" data-settings=\"{&quot;background_background&quot;:&quot;classic&quot;}\">\n\t\t\t\t\t<div class=\"e-con-inner\">\n\t\t<div class=\"elementor-element elementor-element-f9225fe e-con-full e-flex e-con e-child\" data-id=\"f9225fe\" data-element_type=\"container\">\n\t\t\t\t<div class=\"elementor-element elementor-element-eec1f07 elementor-widget elementor-widget-gva-heading-block\" data-id=\"eec1f07\" data-element_type=\"widget\" data-widget_type=\"gva-heading-block.default\">\n\t\t\t\t<div class=\"elementor-widget-container\">\n\t\t\t\t\t<div class=\"gva-element-gva-heading-block gva-element\">   <div class=\"align-center style-1 widget gsc-heading box-align-left auto-responsive\">\r\n      <div class=\"content-inner\">\r\n         \r\n                  \r\n           \r\n         \r\n                     <h2 class=\"title \">\r\n               <span>Nos Services<\/span>\r\n            <\/h2>\r\n                  \r\n                     <div class=\"title-desc\">Produire et diss\u00e9miner des connaissances afin de promouvoir une approche par le bas<\/div>\r\n         \r\n         \r\n      <\/div>\r\n   <\/div>\r\n<\/div>\t\t\t\t<\/div>\n\t\t\t\t<\/div>\n\t\t\t\t<\/div>\n\t\t\t\t\t<\/div>\n\t\t\t\t<\/div>\n\t\t<div class=\"elementor-element elementor-element-001e8bc e-flex e-con-boxed e-con e-parent\" data-id=\"001e8bc\" data-element_type=\"container\" data-settings=\"{&quot;background_background&quot;:&quot;classic&quot;}\">\n\t\t\t\t\t<div class=\"e-con-inner\">\n\t\t<div class=\"elementor-element elementor-element-6610bcc e-flex e-con-boxed e-con e-child\" data-id=\"6610bcc\" data-element_type=\"container\">\n\t\t\t\t\t<div class=\"e-con-inner\">\n\t\t<div class=\"elementor-element elementor-element-3818e26 e-flex e-con-boxed e-con e-child\" data-id=\"3818e26\" data-element_type=\"container\">\n\t\t\t\t\t<div class=\"e-con-inner\">\n\t\t\t\t<div class=\"elementor-element elementor-element-809b791 elementor-widget elementor-widget-text-editor\" data-id=\"809b791\" data-element_type=\"widget\" data-widget_type=\"text-editor.default\">\n\t\t\t\t<div class=\"elementor-widget-container\">\n\t\t\t\t\t\t\t\t\t<p>Explorer et aider \u00e0 comprendre les dynamiques majeures relevant de diff\u00e9rents champs sociaux en Afrique de l&rsquo;Ouest<\/p>\t\t\t\t\t\t\t\t<\/div>\n\t\t\t\t<\/div>\n\t\t<div class=\"elementor-element elementor-element-0f32c93 e-flex e-con-boxed e-con e-child\" data-id=\"0f32c93\" data-element_type=\"container\">\n\t\t\t\t\t<div class=\"e-con-inner\">\n\t\t\t\t<div class=\"elementor-element elementor-element-053ee40 elementor-icon-list--layout-traditional elementor-list-item-link-full_width elementor-widget elementor-widget-icon-list\" data-id=\"053ee40\" data-element_type=\"widget\" data-widget_type=\"icon-list.default\">\n\t\t\t\t<div class=\"elementor-widget-container\">\n\t\t\t\t\t\t\t<ul class=\"elementor-icon-list-items\">\n\t\t\t\t\t\t\t<li class=\"elementor-icon-list-item\">\n\t\t\t\t\t\t\t\t\t\t\t<span class=\"elementor-icon-list-icon\">\n\t\t\t\t\t\t\t<i aria-hidden=\"true\" class=\" cicon-checkmark-1\"><\/i>\t\t\t\t\t\t<\/span>\n\t\t\t\t\t\t\t\t\t\t<span class=\"elementor-icon-list-text\">Partenariats fiables<\/span>\n\t\t\t\t\t\t\t\t\t<\/li>\n\t\t\t\t\t\t\t\t<li class=\"elementor-icon-list-item\">\n\t\t\t\t\t\t\t\t\t\t\t<span class=\"elementor-icon-list-icon\">\n\t\t\t\t\t\t\t<i aria-hidden=\"true\" class=\" cicon-checkmark-1\"><\/i>\t\t\t\t\t\t<\/span>\n\t\t\t\t\t\t\t\t\t\t<span class=\"elementor-icon-list-text\">Experts professionnels<\/span>\n\t\t\t\t\t\t\t\t\t<\/li>\n\t\t\t\t\t\t<\/ul>\n\t\t\t\t\t\t<\/div>\n\t\t\t\t<\/div>\n\t\t\t\t<div class=\"elementor-element elementor-element-8eca750 elementor-widget__width-auto elementor-icon-list--layout-traditional elementor-list-item-link-full_width elementor-widget elementor-widget-icon-list\" data-id=\"8eca750\" data-element_type=\"widget\" data-widget_type=\"icon-list.default\">\n\t\t\t\t<div class=\"elementor-widget-container\">\n\t\t\t\t\t\t\t<ul class=\"elementor-icon-list-items\">\n\t\t\t\t\t\t\t<li class=\"elementor-icon-list-item\">\n\t\t\t\t\t\t\t\t\t\t\t<span class=\"elementor-icon-list-icon\">\n\t\t\t\t\t\t\t<i aria-hidden=\"true\" class=\" cicon-checkmark-1\"><\/i>\t\t\t\t\t\t<\/span>\n\t\t\t\t\t\t\t\t\t\t<span class=\"elementor-icon-list-text\">Recherches exploitables<\/span>\n\t\t\t\t\t\t\t\t\t<\/li>\n\t\t\t\t\t\t\t\t<li class=\"elementor-icon-list-item\">\n\t\t\t\t\t\t\t\t\t\t\t<span class=\"elementor-icon-list-icon\">\n\t\t\t\t\t\t\t<i aria-hidden=\"true\" class=\" cicon-checkmark-1\"><\/i>\t\t\t\t\t\t<\/span>\n\t\t\t\t\t\t\t\t\t\t<span class=\"elementor-icon-list-text\">Publications utiles<\/span>\n\t\t\t\t\t\t\t\t\t<\/li>\n\t\t\t\t\t\t<\/ul>\n\t\t\t\t\t\t<\/div>\n\t\t\t\t<\/div>\n\t\t\t\t\t<\/div>\n\t\t\t\t<\/div>\n\t\t\t\t\t<\/div>\n\t\t\t\t<\/div>\n\t\t<div class=\"elementor-element elementor-element-7f7c3da e-flex e-con-boxed e-con e-child\" data-id=\"7f7c3da\" data-element_type=\"container\">\n\t\t\t\t\t<div class=\"e-con-inner\">\n\t\t\t\t<div class=\"elementor-element elementor-element-69a92c1 elementor-widget elementor-widget-gva-heading-block\" data-id=\"69a92c1\" data-element_type=\"widget\" data-widget_type=\"gva-heading-block.default\">\n\t\t\t\t<div class=\"elementor-widget-container\">\n\t\t\t\t\t<div class=\"gva-element-gva-heading-block gva-element\">   <div class=\"align-left style-1 widget gsc-heading box-align-left auto-responsive\">\r\n      <div class=\"content-inner\">\r\n         \r\n                  \r\n         <div class=\"sub-title\"><span class=\"tagline\">Pourquoi choisir ARDOA Institute?<\/span><\/div>  \r\n         \r\n                     <h2 class=\"title \">\r\n               <span>Nous offrons des<em> perspectives de d\u00e9veloppement<\/em>  aux d\u00e9cideurs<\/span>\r\n            <\/h2>\r\n                  \r\n         \r\n         \r\n      <\/div>\r\n   <\/div>\r\n<\/div>\t\t\t\t<\/div>\n\t\t\t\t<\/div>\n\t\t<div class=\"elementor-element elementor-element-439b58b e-con-full e-flex e-con e-child\" data-id=\"439b58b\" data-element_type=\"container\">\n\t\t\t\t<div class=\"elementor-element elementor-element-d7679ca elementor-widget__width-auto elementor-widget elementor-widget-html\" data-id=\"d7679ca\" data-element_type=\"widget\" data-widget_type=\"html.default\">\n\t\t\t\t<div class=\"elementor-widget-container\">\n\t\t\t\t\t<a class=\"btn-border-theme\" href=\"https:\/\/ardoainstitute.com\/fr\/contact\/\">\n    <span>Contactez-nouss<\/span>\n<\/a>\t\t\t\t<\/div>\n\t\t\t\t<\/div>\n\t\t\t\t<\/div>\n\t\t\t\t\t<\/div>\n\t\t\t\t<\/div>\n\t\t\t\t\t<\/div>\n\t\t\t\t<\/div>\n\t\t\t\t\t<\/div>\n\t\t\t\t<\/div>\n\t\t<div class=\"elementor-element elementor-element-f06e04e e-flex e-con-boxed e-con e-parent\" data-id=\"f06e04e\" data-element_type=\"container\">\n\t\t\t\t\t<div class=\"e-con-inner\">\n\t\t<div class=\"elementor-element elementor-element-2e259c3 e-con-full e-flex e-con e-child\" data-id=\"2e259c3\" data-element_type=\"container\">\n\t\t\t\t<div class=\"elementor-element elementor-element-0b0c592 elementor-widget elementor-widget-gva_icon_box_group\" data-id=\"0b0c592\" data-element_type=\"widget\" data-widget_type=\"gva_icon_box_group.default\">\n\t\t\t\t<div class=\"elementor-widget-container\">\n\t\t\t\t\t<div class=\"gva-element-gva_icon_box_group gva-element\">\r\n<div class=\"gsc-icon-box-group layout-grid\">\r\n\t<div class=\"lg-block-grid-3 md-block-grid-3 sm-block-grid-2 xs-block-grid-1 xx-block-grid-1\">\r\n\t\t\t\t\t\r\n\t\t\t<div class=\"item-columns\">\r\n\t\t\t\t\r\n<div class=\"icon-box-item elementor-repeater-item-d833a49\">\r\n\t\t<div class=\"iconbox-one__single\"><h3 class=\"iconbox-one__title\">Elaboration projets <br> de recherche <\/h3><div class=\"iconbox-one__icon\"><i aria-hidden=\"true\" class=\" cicon-meeting\"><\/i><\/div><div class=\"iconbox-one__desc\">ARDOA Institute r\u00e9dige des projets de recherche sur des th\u00e8mes pr\u00e9sentant un int\u00e9r\u00eat pour la sous-r\u00e9gion<\/div>\t\t  <a href=\"#\" class=\"iconbox-one__link-overlay\">\r\n\t\t\t \t\t  <\/a>\r\n\t\t  <\/div>\r\n\t\t<\/div>\t\t\t<\/div>\r\n\r\n\t\t\t\t\t\r\n\t\t\t<div class=\"item-columns\">\r\n\t\t\t\t\r\n<div class=\"icon-box-item elementor-repeater-item-b50c52e\">\r\n\t\t<div class=\"iconbox-one__single\"><h3 class=\"iconbox-one__title\">Mise en oeuvre <br> activit\u00e9s de recherche<\/h3><div class=\"iconbox-one__icon\"><i aria-hidden=\"true\" class=\" cicon-product-research\"><\/i><\/div><div class=\"iconbox-one__desc\">Nous mettons en \u0153uvre en toute libert\u00e9 des activit\u00e9s de recherche en consortium avec d'autres organisations partenaires<\/div>\t\t  <a href=\"#\" class=\"iconbox-one__link-overlay\">\r\n\t\t\t \t\t  <\/a>\r\n\t\t  <\/div>\r\n\t\t<\/div>\t\t\t<\/div>\r\n\r\n\t\t\t\t\t\r\n\t\t\t<div class=\"item-columns\">\r\n\t\t\t\t\r\n<div class=\"icon-box-item elementor-repeater-item-2c50c28\">\r\n\t\t<div class=\"iconbox-one__single\"><h3 class=\"iconbox-one__title\">Suivi-evaluation projets <br>de d\u00e9veloppement<\/h3><div class=\"iconbox-one__icon\"><i aria-hidden=\"true\" class=\" cicon-defining\"><\/i><\/div><div class=\"iconbox-one__desc\">Nous r\u00e9pondons \u00e0 des appels d'offres pour l'\u00e9valuation de projets de d\u00e9veloppement dans la sous-r\u00e9gion<\/div>\t\t  <a href=\"#\" class=\"iconbox-one__link-overlay\">\r\n\t\t\t \t\t  <\/a>\r\n\t\t  <\/div>\r\n\t\t<\/div>\t\t\t<\/div>\r\n\r\n\t\t\t\t\t\r\n\t\t\t<div class=\"item-columns\">\r\n\t\t\t\t\r\n<div class=\"icon-box-item elementor-repeater-item-c492c79\">\r\n\t\t<div class=\"iconbox-one__single\"><h3 class=\"iconbox-one__title\">Consultance et <br> Formation<\/h3><div class=\"iconbox-one__icon\"><i aria-hidden=\"true\" class=\" cicon-consulting-2\"><\/i><\/div><div class=\"iconbox-one__desc\">Nous apportons un appui-conseil aux organisations publiques et priv\u00e9es en Afrique de l'Ouest<\/div>\t\t  <a href=\"#\" class=\"iconbox-one__link-overlay\">\r\n\t\t\t \t\t  <\/a>\r\n\t\t  <\/div>\r\n\t\t<\/div>\t\t\t<\/div>\r\n\r\n\t\t\t\t\t\r\n\t\t\t<div class=\"item-columns\">\r\n\t\t\t\t\r\n<div class=\"icon-box-item elementor-repeater-item-d4a195c\">\r\n\t\t<div class=\"iconbox-one__single\"><h3 class=\"iconbox-one__title\">Publications<\/h3><div class=\"iconbox-one__icon\"><i aria-hidden=\"true\" class=\" cicon-idea\"><\/i><\/div><div class=\"iconbox-one__desc\">A travers des partenariats de recherche, nous contribuons \u00e0 la production de publications scientifiques<\/div>\t\t  <a href=\"#\" class=\"iconbox-one__link-overlay\">\r\n\t\t\t \t\t  <\/a>\r\n\t\t  <\/div>\r\n\t\t<\/div>\t\t\t<\/div>\r\n\r\n\t\t\t<\/div>   \r\n<\/div>\r\n<\/div>\t\t\t\t<\/div>\n\t\t\t\t<\/div>\n\t\t\t\t<\/div>\n\t\t\t\t\t<\/div>\n\t\t\t\t<\/div>\n\t\t<div class=\"elementor-element elementor-element-652d66c2 e-flex e-con-boxed e-con e-parent\" data-id=\"652d66c2\" data-element_type=\"container\">\n\t\t\t\t\t<div class=\"e-con-inner\">\n\t\t<div class=\"elementor-element elementor-element-337fc0f7 e-flex e-con-boxed e-con e-child\" data-id=\"337fc0f7\" data-element_type=\"container\">\n\t\t\t\t\t<div class=\"e-con-inner\">\n\t\t<div class=\"elementor-element elementor-element-60342dcf e-flex e-con-boxed e-con e-child\" data-id=\"60342dcf\" data-element_type=\"container\" data-settings=\"{&quot;background_background&quot;:&quot;gradient&quot;}\">\n\t\t\t\t\t<div class=\"e-con-inner\">\n\t\t<div class=\"elementor-element elementor-element-31a09373 e-con-full e-flex e-con e-child\" data-id=\"31a09373\" data-element_type=\"container\">\n\t\t\t\t<div class=\"elementor-element elementor-element-4a4ed893 elementor-widget elementor-widget-heading\" data-id=\"4a4ed893\" data-element_type=\"widget\" data-widget_type=\"heading.default\">\n\t\t\t\t<div class=\"elementor-widget-container\">\n\t\t\t\t\t<h2 class=\"elementor-heading-title elementor-size-default\"><b>25 ans + <\/b> <em> \nd'experience<\/em><\/h2>\t\t\t\t<\/div>\n\t\t\t\t<\/div>\n\t\t\t\t<\/div>\n\t\t<div class=\"elementor-element elementor-element-482c7158 e-con-full e-flex e-con e-child\" data-id=\"482c7158\" data-element_type=\"container\">\n\t\t\t\t<div class=\"elementor-element elementor-element-60383509 elementor-widget elementor-widget-text-editor\" data-id=\"60383509\" data-element_type=\"widget\" data-widget_type=\"text-editor.default\">\n\t\t\t\t<div class=\"elementor-widget-container\">\n\t\t\t\t\t\t\t\t\t<p>Produire et diss\u00e9miner des connaissances afin de promouvoir une approche par le bas<\/p>\t\t\t\t\t\t\t\t<\/div>\n\t\t\t\t<\/div>\n\t\t\t\t<\/div>\n\t\t<div class=\"elementor-element elementor-element-2840511f e-con-full e-flex e-con e-child\" data-id=\"2840511f\" data-element_type=\"container\">\n\t\t\t\t<div class=\"elementor-element elementor-element-78dd1e4b elementor-widget elementor-widget-text-editor\" data-id=\"78dd1e4b\" data-element_type=\"widget\" data-widget_type=\"text-editor.default\">\n\t\t\t\t<div class=\"elementor-widget-container\">\n\t\t\t\t\t\t\t\t\t<a class=\"btn-white\" href=\"https:\/\/ardoainstitute.com\/fr\/contact\/\">\nContactez-nous\n<\/a>\t\t\t\t\t\t\t\t<\/div>\n\t\t\t\t<\/div>\n\t\t\t\t<\/div>\n\t\t\t\t\t<\/div>\n\t\t\t\t<\/div>\n\t\t\t\t\t<\/div>\n\t\t\t\t<\/div>\n\t\t\t\t\t<\/div>\n\t\t\t\t<\/div>\n\t\t\t\t<\/div>\n\t\t","protected":false},"excerpt":{"rendered":"<p>Nos Services Produire et diss\u00e9miner des connaissances afin de promouvoir une approche par le bas Explorer et aider \u00e0 comprendre les dynamiques majeures relevant de diff\u00e9rents champs sociaux en Afrique de l&rsquo;Ouest Partenariats fiables Experts professionnels Recherches exploitables Publications utiles Pourquoi choisir ARDOA Institute? Nous offrons des perspectives de d\u00e9veloppement aux d\u00e9cideurs Contactez-nouss Elaboration projets [&hellip;]<\/p>\n","protected":false},"author":1,"featured_media":0,"parent":0,"menu_order":0,"comment_status":"closed","ping_status":"closed","template":"","meta":{"_monsterinsights_skip_tracking":false,"_monsterinsights_sitenote_active":false,"_monsterinsights_sitenote_note":"","_monsterinsights_sitenote_category":0,"_themeisle_gutenberg_block_has_review":false,"footnotes":""},"class_list":["post-1390","page","type-page","status-publish","hentry"],"_links":{"self":[{"href":"https:\/\/ardoainstitute.com\/fr\/wp-json\/wp\/v2\/pages\/1390"}],"collection":[{"href":"https:\/\/ardoainstitute.com\/fr\/wp-json\/wp\/v2\/pages"}],"about":[{"href":"https:\/\/ardoainstitute.com\/fr\/wp-json\/wp\/v2\/types\/page"}],"author":[{"embeddable":true,"href":"https:\/\/ardoainstitute.com\/fr\/wp-json\/wp\/v2\/users\/1"}],"replies":[{"embeddable":true,"href":"https:\/\/ardoainstitute.com\/fr\/wp-json\/wp\/v2\/comments?post=1390"}],"version-history":[{"count":16,"href":"https:\/\/ardoainstitute.com\/fr\/wp-json\/wp\/v2\/pages\/1390\/revisions"}],"predecessor-version":[{"id":1418,"href":"https:\/\/ardoainstitute.com\/fr\/wp-json\/wp\/v2\/pages\/1390\/revisions\/1418"}],"wp:attachment":[{"href":"https:\/\/ardoainstitute.com\/fr\/wp-json\/wp\/v2\/media?parent=1390"}],"curies":[{"name":"wp","href":"https:\/\/api.w.org\/{rel}","templated":true}]}}